{"id":7,"date":"2025-12-24T06:45:38","date_gmt":"2025-12-24T06:45:38","guid":{"rendered":"https:\/\/convergence-cs.com\/?page_id=7"},"modified":"2026-01-16T08:23:10","modified_gmt":"2026-01-16T08:23:10","slug":"accueil","status":"publish","type":"page","link":"https:\/\/convergence-cs.com\/","title":{"rendered":"Accueil"},"content":{"rendered":"\n<div class=\"wp-block-cover alignfull\" style=\"min-height:778px;aspect-ratio:unset;\"><img decoding=\"async\" class=\"wp-block-cover__image-background wp-image-108\" alt=\"\" src=\"https:\/\/convergence-cs.com\/wp-content\/uploads\/2025\/12\/fond1-1-1024x576.png\" data-object-fit=\"cover\"\/><span aria-hidden=\"true\" class=\"wp-block-cover__background has-background-dim\"><\/span><div class=\"wp-block-cover__inner-container is-layout-flow wp-block-cover-is-layout-flow\">\n<hr class=\"wp-block-separator has-alpha-channel-opacity\"\/>\n\n\n\n<h2 class=\"wp-block-heading has-text-align-left has-white-color has-text-color\">Transformer les entreprises avec des solutions IT innovantes<\/h2>\n\n\n\n<p class=\"has-text-align-left has-white-color has-text-color\">Convergence Connected Services est votre partenaire informatique de confiance avec plus de deux d\u00e9cennies d&rsquo;exp\u00e9rience dans le domaine<\/p>\n\n\n\n<p><\/p>\n\n\n\n<hr class=\"wp-block-separator has-alpha-channel-opacity\"\/>\n\n\n\n<p class=\"has-white-color has-text-color\"><\/p>\n<\/div><\/div>\n\n\n\n<hr class=\"wp-block-separator has-alpha-channel-opacity\"\/>\n\n\n\n<div class=\"wp-block-group alignfull is-layout-constrained wp-container-core-group-is-layout-45b0ac4f wp-block-group-is-layout-constrained\" id=\"services\" style=\"padding-top:144px;padding-bottom:0px\">\n<h2 class=\"wp-block-heading\">Nos services<\/h2>\n\n\n\n<div class=\"wp-block-columns is-layout-flex wp-container-core-columns-is-layout-60cbf9bb wp-block-columns-is-layout-flex\" style=\"margin-top:50px\">\n<div class=\"wp-block-column is-layout-flow wp-container-core-column-is-layout-6b73ce23 wp-block-column-is-layout-flow\">\n<figure class=\"wp-block-image size-full\"><img loading=\"lazy\" decoding=\"async\" width=\"101\" height=\"101\" src=\"https:\/\/convergence-cs.com\/wp-content\/uploads\/2025\/12\/CLOUD.png\" alt=\"\" class=\"wp-image-62\"\/><\/figure>\n\n\n\n<h3 class=\"wp-block-heading\" style=\"margin-top:16px\">Cloud<\/h3>\n\n\n\n<hr class=\"wp-block-separator has-alpha-channel-opacity\"\/>\n\n\n\n<p>Migrer dans notre Cloud Souverain avec des SLA allant jusqu&rsquo;\u00e0 99,99%.<\/p>\n<\/div>\n\n\n\n<div class=\"wp-block-column is-layout-flow wp-container-core-column-is-layout-6b73ce23 wp-block-column-is-layout-flow\">\n<figure class=\"wp-block-image size-full is-resized\"><img loading=\"lazy\" decoding=\"async\" width=\"73\" height=\"89\" src=\"https:\/\/convergence-cs.com\/wp-content\/uploads\/2025\/12\/SOC.png\" alt=\"\" class=\"wp-image-63\" style=\"width:81px;height:auto\"\/><\/figure>\n\n\n\n<h3 class=\"wp-block-heading\" style=\"margin-top:16px\">Infog\u00e9rance<\/h3>\n\n\n\n<hr class=\"wp-block-separator has-alpha-channel-opacity\"\/>\n\n\n\n<p>Centre de services op\u00e9rationnel 24\/7\/365 en fran\u00e7ais et en anglais, assurant la s\u00e9curisation et la continuit\u00e9 de vos activit\u00e9s.<\/p>\n<\/div>\n\n\n\n<div class=\"wp-block-column is-layout-flow wp-container-core-column-is-layout-6b73ce23 wp-block-column-is-layout-flow\">\n<figure class=\"wp-block-image size-full is-resized\"><img loading=\"lazy\" decoding=\"async\" width=\"95\" height=\"94\" src=\"https:\/\/convergence-cs.com\/wp-content\/uploads\/2025\/12\/NETWORK.png\" alt=\"\" class=\"wp-image-65\" style=\"width:102px;height:auto\"\/><\/figure>\n\n\n\n<h3 class=\"wp-block-heading\" style=\"margin-top:16px\">Infrastructure<\/h3>\n\n\n\n<hr class=\"wp-block-separator has-alpha-channel-opacity\"\/>\n\n\n\n<p>Tous vos projets d&rsquo;infrastructure, audit, int\u00e9gration, maintenance.<\/p>\n<\/div>\n<\/div>\n<\/div>\n\n\n\n<hr class=\"wp-block-separator has-alpha-channel-opacity\"\/>\n\n\n\n<div class=\"wp-block-group alignfull has-ast-global-color-5-background-color has-background is-layout-constrained wp-container-core-group-is-layout-94d206d0 wp-block-group-is-layout-constrained\" id=\"about\" style=\"padding-top:143px;padding-bottom:144px\">\n<div class=\"wp-block-media-text has-media-on-the-right is-stacked-on-mobile is-vertically-aligned-center\" style=\"grid-template-columns:auto 49%\"><div class=\"wp-block-media-text__content\">\n<div class=\"inherit-container-width wp-block-group is-layout-constrained wp-container-core-group-is-layout-47ce07ec wp-block-group-is-layout-constrained\" style=\"padding-right:80px\">\n<h2 class=\"wp-block-heading has-text-align-center\" style=\"padding-right:40px\">Centre d&rsquo;expertise 360 IT<\/h2>\n\n\n\n<p>Gr\u00e2ce \u00e0 notre savoir-faire, nous vous accompagnons dans la gestion compl\u00e8te de vos projets IT : infog\u00e9rance, gouvernance, infrastructures, cloud (OnPrem, hybride), PCA\/PRA, serveurs, r\u00e9seaux, stockage et backup. <\/p>\n\n\n\n<p>Nous concevons des solutions sur mesure pour s\u00e9curiser vos syst\u00e8mes, optimiser vos budgets et assurer la transformation digitale de votre entreprise, tout en garantissant une int\u00e9gration et une maintenance fiables.<\/p>\n<\/div>\n<\/div><figure class=\"wp-block-media-text__media\"><img decoding=\"async\" src=\"https:\/\/convergence-cs.com\/wp-content\/themes\/astra\/inc\/assets\/images\/starter-content\/about-us.jpg\" alt=\"\" class=\"wp-image-237 size-full\"\/><\/figure><\/div>\n<\/div>\n\n\n\n<div class=\"wp-block-group alignfull is-layout-constrained wp-container-core-group-is-layout-3fee123f wp-block-group-is-layout-constrained\" id=\"whyus\" style=\"padding-top:144px;padding-bottom:144px\">\n<h2 class=\"wp-block-heading\">Pourquoi CCS<\/h2>\n\n\n\n<div class=\"wp-block-columns is-layout-flex wp-container-core-columns-is-layout-29aadeec wp-block-columns-is-layout-flex\" style=\"margin-top:60px\">\n<div class=\"wp-block-column is-layout-flow wp-container-core-column-is-layout-6b73ce23 wp-block-column-is-layout-flow\">\n<figure class=\"wp-block-image size-full\"><img loading=\"lazy\" decoding=\"async\" width=\"94\" height=\"94\" src=\"https:\/\/convergence-cs.com\/wp-content\/uploads\/2025\/12\/INFRA.png\" alt=\"\" class=\"wp-image-67\"\/><\/figure>\n\n\n\n<h3 class=\"wp-block-heading\" style=\"margin-top:16px\">Expertise sp\u00e9cialis\u00e9e<\/h3>\n\n\n\n<p>CCS se distingue par son \u00e9quipe hautement qualifi\u00e9e et sp\u00e9cialis\u00e9e. Nous investissons constamment dans la formation pour rester \u00e0 la pointe des technologies.<\/p>\n<\/div>\n\n\n\n<div class=\"wp-block-column is-layout-flow wp-container-core-column-is-layout-6b73ce23 wp-block-column-is-layout-flow\">\n<figure class=\"wp-block-image size-full\"><img loading=\"lazy\" decoding=\"async\" width=\"95\" height=\"94\" src=\"https:\/\/convergence-cs.com\/wp-content\/uploads\/2025\/12\/NETWORK-1.png\" alt=\"\" class=\"wp-image-68\"\/><\/figure>\n\n\n\n<h3 class=\"wp-block-heading\" style=\"margin-top:16px\">Approche personnalis\u00e9e<\/h3>\n\n\n\n<p>Pour nous, chaque projet est unique. Notre approche centr\u00e9e sur le client assure des solutions sur mesure et une collaboration \u00e9troite pour garantir la r\u00e9ussite.<\/p>\n<\/div>\n\n\n\n<div class=\"wp-block-column is-layout-flow wp-container-core-column-is-layout-6b73ce23 wp-block-column-is-layout-flow\">\n<figure class=\"wp-block-image size-full\"><img loading=\"lazy\" decoding=\"async\" width=\"91\" height=\"105\" src=\"https:\/\/convergence-cs.com\/wp-content\/uploads\/2025\/12\/INFO.png\" alt=\"\" class=\"wp-image-69\"\/><\/figure>\n\n\n\n<h3 class=\"wp-block-heading\" style=\"margin-top:16px\">Engagement de qualit\u00e9<\/h3>\n\n\n\n<p>La qualit\u00e9 est notre priorit\u00e9. Nous nous engageons \u00e0 fournir des solutions de haute qualit\u00e9 qui d\u00e9passent les attentes \u00e0 chaque fois.<\/p>\n<\/div>\n<\/div>\n<\/div>\n\n\n\n<hr class=\"wp-block-separator has-alpha-channel-opacity\"\/>\n\n\n\n<div class=\"wp-block-cover alignfull\"><img loading=\"lazy\" decoding=\"async\" width=\"1024\" height=\"302\" class=\"wp-block-cover__image-background wp-image-108\" alt=\"\" src=\"https:\/\/convergence-cs.com\/wp-content\/uploads\/2025\/12\/fond1-1-e1766917018266-1024x302.png\" data-object-fit=\"cover\" srcset=\"https:\/\/convergence-cs.com\/wp-content\/uploads\/2025\/12\/fond1-1-e1766917018266-1024x302.png 1024w, https:\/\/convergence-cs.com\/wp-content\/uploads\/2025\/12\/fond1-1-e1766917018266-300x88.png 300w, https:\/\/convergence-cs.com\/wp-content\/uploads\/2025\/12\/fond1-1-e1766917018266-768x226.png 768w, https:\/\/convergence-cs.com\/wp-content\/uploads\/2025\/12\/fond1-1-e1766917018266-1536x453.png 1536w, https:\/\/convergence-cs.com\/wp-content\/uploads\/2025\/12\/fond1-1-e1766917018266-2048x604.png 2048w\" sizes=\"auto, (max-width: 1024px) 100vw, 1024px\" \/><span aria-hidden=\"true\" class=\"wp-block-cover__background has-background-dim\"><\/span><div class=\"wp-block-cover__inner-container is-layout-flow wp-block-cover-is-layout-flow\">\n<h2 class=\"wp-block-heading has-text-align-center has-text-color\" style=\"color:#ffffff\"><strong>Faites appel \u00e0 des professionnels !<\/strong><\/h2>\n\n\n\n<div class=\"wp-block-buttons is-content-justification-center is-layout-flex wp-container-core-buttons-is-layout-a89b3969 wp-block-buttons-is-layout-flex\">\n<div class=\"wp-block-button\"><a class=\"wp-block-button__link has-text-align-center wp-element-button\">Contactez nous<\/a><\/div>\n<\/div>\n<\/div><\/div>\n\n\n\n<div class=\"wp-block-group alignfull has-ast-global-color-4-background-color has-background is-layout-constrained wp-container-core-group-is-layout-6a2cfb7b wp-block-group-is-layout-constrained\" id=\"reviews\">\n<figure class=\"wp-block-image aligncenter size-full is-resized\"><img loading=\"lazy\" decoding=\"async\" width=\"800\" height=\"800\" src=\"https:\/\/convergence-cs.com\/wp-content\/uploads\/2025\/12\/1746870544308.jpeg\" alt=\"\" class=\"wp-image-29\" style=\"width:64px;height:auto\" srcset=\"https:\/\/convergence-cs.com\/wp-content\/uploads\/2025\/12\/1746870544308.jpeg 800w, https:\/\/convergence-cs.com\/wp-content\/uploads\/2025\/12\/1746870544308-300x300.jpeg 300w, https:\/\/convergence-cs.com\/wp-content\/uploads\/2025\/12\/1746870544308-150x150.jpeg 150w, https:\/\/convergence-cs.com\/wp-content\/uploads\/2025\/12\/1746870544308-768x768.jpeg 768w\" sizes=\"auto, (max-width: 800px) 100vw, 800px\" \/><\/figure>\n\n\n\n<p class=\"has-text-align-center\" style=\"font-size:22px;line-height:1.6\">\u201cChoisir CCS, c&rsquo;est opter pour une collaboration fond\u00e9e sur l&rsquo;excellence, l&rsquo;innovation et un engagement sans faille envers la satisfaction client.\u201d<\/p>\n\n\n\n<p class=\"has-text-align-center\"><strong>Vincent MALFAIT<\/strong><\/p>\n<\/div>\n\n\n\n<p><\/p>\n","protected":false},"excerpt":{"rendered":"<p>Nos services Cloud Migrer dans notre Cloud Souverain avec des SLA allant jusqu&rsquo;\u00e0 99,99%. Infog\u00e9rance Centre de services op\u00e9rationnel 24\/7\/365 [&hellip;]<\/p>\n","protected":false},"author":1,"featured_media":0,"parent":0,"menu_order":0,"comment_status":"closed","ping_status":"closed","template":"","meta":{"site-sidebar-layout":"no-sidebar","site-content-layout":"plain-container","ast-site-content-layout":"default","site-content-style":"default","site-sidebar-style":"default","ast-global-header-display":"","ast-banner-title-visibility":"","ast-main-header-display":"","ast-hfb-above-header-display":"","ast-hfb-below-header-display":"","ast-hfb-mobile-header-display":"","site-post-title":"disabled","ast-breadcrumbs-content":"","ast-featured-img":"","footer-sml-layout":"","ast-disable-related-posts":"","theme-transparent-header-meta":"enabled","adv-header-id-meta":"","stick-header-meta":"","header-above-stick-meta":"","header-main-stick-meta":"","header-below-stick-meta":"","astra-migrate-meta-layouts":"default","ast-page-background-enabled":"default","ast-page-background-meta":{"desktop":{"background-color":"var(--ast-global-color-5)","background-image":"","background-repeat":"repeat","background-position":"center center","background-size":"auto","background-attachment":"scroll","background-type":"","background-media":"","overlay-type":"","overlay-color":"","overlay-opacity":"","overlay-gradient":""},"tablet":{"background-color":"","background-image":"","background-repeat":"repeat","background-position":"center center","background-size":"auto","background-attachment":"scroll","background-type":"","background-media":"","overlay-type":"","overlay-color":"","overlay-opacity":"","overlay-gradient":""},"mobile":{"background-color":"","background-image":"","background-repeat":"repeat","background-position":"center center","background-size":"auto","background-attachment":"scroll","background-type":"","background-media":"","overlay-type":"","overlay-color":"","overlay-opacity":"","overlay-gradient":""}},"ast-content-background-meta":{"desktop":{"background-color":"var(--ast-global-color-4)","background-image":"","background-repeat":"repeat","background-position":"center center","background-size":"auto","background-attachment":"scroll","background-type":"","background-media":"","overlay-type":"","overlay-color":"","overlay-opacity":"","overlay-gradient":""},"tablet":{"background-color":"var(--ast-global-color-4)","background-image":"","background-repeat":"repeat","background-position":"center center","background-size":"auto","background-attachment":"scroll","background-type":"","background-media":"","overlay-type":"","overlay-color":"","overlay-opacity":"","overlay-gradient":""},"mobile":{"background-color":"var(--ast-global-color-4)","background-image":"","background-repeat":"repeat","background-position":"center center","background-size":"auto","background-attachment":"scroll","background-type":"","background-media":"","overlay-type":"","overlay-color":"","overlay-opacity":"","overlay-gradient":""}},"footnotes":""},"class_list":["post-7","page","type-page","status-publish","hentry"],"_links":{"self":[{"href":"https:\/\/convergence-cs.com\/index.php\/wp-json\/wp\/v2\/pages\/7","targetHints":{"allow":["GET"]}}],"collection":[{"href":"https:\/\/convergence-cs.com\/index.php\/wp-json\/wp\/v2\/pages"}],"about":[{"href":"https:\/\/convergence-cs.com\/index.php\/wp-json\/wp\/v2\/types\/page"}],"author":[{"embeddable":true,"href":"https:\/\/convergence-cs.com\/index.php\/wp-json\/wp\/v2\/users\/1"}],"replies":[{"embeddable":true,"href":"https:\/\/convergence-cs.com\/index.php\/wp-json\/wp\/v2\/comments?post=7"}],"version-history":[{"count":79,"href":"https:\/\/convergence-cs.com\/index.php\/wp-json\/wp\/v2\/pages\/7\/revisions"}],"predecessor-version":[{"id":202,"href":"https:\/\/convergence-cs.com\/index.php\/wp-json\/wp\/v2\/pages\/7\/revisions\/202"}],"wp:attachment":[{"href":"https:\/\/convergence-cs.com\/index.php\/wp-json\/wp\/v2\/media?parent=7"}],"curies":[{"name":"wp","href":"https:\/\/api.w.org\/{rel}","templated":true}]}}